{"id":13,"date":"2013-06-18T18:09:14","date_gmt":"2013-06-18T16:09:14","guid":{"rendered":"http:\/\/q-em.de\/?page_id=13"},"modified":"2022-11-14T14:11:45","modified_gmt":"2022-11-14T12:11:45","slug":"impressum","status":"publish","type":"page","link":"https:\/\/q-em.de\/?page_id=13","title":{"rendered":"Impressum"},"content":{"rendered":"<p><strong>Gem\u00e4\u00df \u00a7 5 Telemediengesetz (TMG):<br \/>\nVerantwortlich f\u00fcr Text, Fotos, Design und Inhalt:<\/strong><br \/>\nCarmen Kohler<br \/>\nDiplom-Betriebswirtin (BA)<br \/>\nFilmstra\u00dfe 2b<br \/>\n82266 Inning<\/p>\n<p>eMail: <a title=\"Mail-Adresse\" href=\"mailto:carmen.kohler@q-em.de\" target=\"_blank\" rel=\"noopener\">carmen.kohler@q-em.de<\/a><\/p>\n<p>Umsatzsteuer-Ident-Nr:\u00a0DE174160108<\/p>\n<p><strong>Haftungshinweis:<\/strong><\/p>\n<p>Trotz sorgf\u00e4ltiger inhaltlicher Kontrolle \u00fcbernimmt Q-em keine Haftung f\u00fcr die Inhalte externer Links. F\u00fcr den Inhalt der verlinkten Seiten sind ausschlie\u00dflich deren Betreiber verantwortlich.<\/p>\n","protected":false},"excerpt":{"rendered":"<p>Gem\u00e4\u00df \u00a7 5 Telemediengesetz (TMG): Verantwortlich f\u00fcr Text, Fotos, Design und Inhalt: Carmen Kohler Diplom-Betriebswirtin (BA) Filmstra\u00dfe 2b 82266 Inning eMail: carmen.kohler@q-em.de Umsatzsteuer-Ident-Nr:\u00a0DE174160108 Haftungshinweis: Trotz sorgf\u00e4ltiger inhaltlicher Kontrolle \u00fcbernimmt Q-em keine Haftung f\u00fcr die Inhalte externer Links. F\u00fcr den Inhalt der verlinkten Seiten sind ausschlie\u00dflich deren Betreiber verantwortlich.<\/p>\n","protected":false},"author":1,"featured_media":0,"parent":0,"menu_order":40,"comment_status":"closed","ping_status":"closed","template":"","meta":{"footnotes":""},"class_list":["post-13","page","type-page","status-publish","hentry"],"_links":{"self":[{"href":"https:\/\/q-em.de\/index.php?rest_route=\/wp\/v2\/pages\/13","targetHints":{"allow":["GET"]}}],"collection":[{"href":"https:\/\/q-em.de\/index.php?rest_route=\/wp\/v2\/pages"}],"about":[{"href":"https:\/\/q-em.de\/index.php?rest_route=\/wp\/v2\/types\/page"}],"author":[{"embeddable":true,"href":"https:\/\/q-em.de\/index.php?rest_route=\/wp\/v2\/users\/1"}],"replies":[{"embeddable":true,"href":"https:\/\/q-em.de\/index.php?rest_route=%2Fwp%2Fv2%2Fcomments&post=13"}],"version-history":[{"count":21,"href":"https:\/\/q-em.de\/index.php?rest_route=\/wp\/v2\/pages\/13\/revisions"}],"predecessor-version":[{"id":483,"href":"https:\/\/q-em.de\/index.php?rest_route=\/wp\/v2\/pages\/13\/revisions\/483"}],"wp:attachment":[{"href":"https:\/\/q-em.de\/index.php?rest_route=%2Fwp%2Fv2%2Fmedia&parent=13"}],"curies":[{"name":"wp","href":"https:\/\/api.w.org\/{rel}","templated":true}]}}