{"id":541,"date":"2025-12-28T16:12:46","date_gmt":"2025-12-28T14:12:46","guid":{"rendered":"https:\/\/q-em.de\/?page_id=541"},"modified":"2026-01-08T10:16:56","modified_gmt":"2026-01-08T08:16:56","slug":"patrick-losert","status":"publish","type":"page","link":"https:\/\/q-em.de\/?page_id=541","title":{"rendered":"Patrick Losert"},"content":{"rendered":"\n<figure class=\"wp-block-image size-full is-resized\"><a href=\"https:\/\/q-em.de\/wp-content\/uploads\/2025\/12\/image.png\"><img loading=\"lazy\" decoding=\"async\" width=\"290\" height=\"396\" src=\"https:\/\/q-em.de\/wp-content\/uploads\/2025\/12\/image.png\" alt=\"\" class=\"wp-image-543\" style=\"aspect-ratio:0.7323521287929606;width:161px;height:auto\" srcset=\"https:\/\/q-em.de\/wp-content\/uploads\/2025\/12\/image.png 290w, https:\/\/q-em.de\/wp-content\/uploads\/2025\/12\/image-220x300.png 220w, https:\/\/q-em.de\/wp-content\/uploads\/2025\/12\/image-240x328.png 240w\" sizes=\"auto, (max-width: 290px) 100vw, 290px\" \/><\/a><\/figure>\n\n\n\n<p>Mein Motto: <strong>Always turn a negative situation into a positive situation!<\/strong><br>Genauso gehe ich meine Projekte an. F\u00fcr mich gibt es keine Probleme, sondern nur Herausforderungen, die es zu bew\u00e4ltigen gibt.<br>Das ist das Spannende an meiner T\u00e4tigkeit, denn man kann nur seinen eigenen Horizont erweitern und neue F\u00e4higkeiten erlernen, die einem sonst verborgen bleiben w\u00fcrden, wenn man sich darauf einl\u00e4sst.<br>Durch meine strukturierte, stets durchdachte Arbeitsweise sowie meinem Qualit\u00e4tsdenken treibe ich meine Projekte spielend leicht voran.<br>Mein Gesp\u00fcr die richtigen Fragen im richtigen Moment zu stellen sind oft der Dreh- und Angelpunkt f\u00fcr die entscheidende Richtungs\u00e4nderung in einem Projekt.<br>Ich blicke hierbei bereits auf eine mehrj\u00e4hrige Erfahrung im Medizintechnik- und Pharmabereich zur\u00fcck.<\/p>\n\n\n\n<p><strong><span style=\"text-decoration: underline;\">Kernkompetenzen:<\/span><\/strong><\/p>\n\n\n\n<p><span style=\"text-decoration: underline;\">Beratung und Unterst\u00fctzung zum Themengebiet &#8222;Qualifizierung und Validierung von computergest\u00fctzten Systemen&#8220; im GxP-regulierten Umfeld mit folgenden Schwerpunkten:<\/span><\/p>\n\n\n\n<ul class=\"wp-block-list\">\n<li>Change-Management bestehender IT-Systeme<\/li>\n\n\n\n<li>Einf\u00fchrung neuer IT-Systeme<\/li>\n\n\n\n<li>\u00dcberarbeitung von SOP\u2019s und Arbeitsanweisungen<\/li>\n\n\n\n<li>Lifecycle Aktivit\u00e4ten IT-Systeme<\/li>\n<\/ul>\n\n\n\n<p><span style=\"text-decoration: underline;\">Zus\u00e4tzlich bin ich im IT-Bereich vielseitig einsetzbar und zertifiziert:<\/span><\/p>\n\n\n\n<ul class=\"wp-block-list\">\n<li>ITIL 4<\/li>\n\n\n\n<li>IT-Projektmanagement<\/li>\n\n\n\n<li>IT Service Management<\/li>\n\n\n\n<li>Service Level Management<\/li>\n\n\n\n<li>Demand Management<\/li>\n\n\n\n<li>Business Relationship Management<\/li>\n\n\n\n<li>Application Management<\/li>\n\n\n\n<li>Testmanagement<\/li>\n\n\n\n<li>Change Management<\/li>\n<\/ul>\n\n\n\n<p><strong><span style=\"text-decoration: underline;\">Ausbildung:<\/span><\/strong><br>Informationsmanager (Technische Hochschule Ulm)<\/p>\n","protected":false},"excerpt":{"rendered":"<p>Mein Motto: Always turn a negative situation into a positive situation!Genauso gehe ich meine Projekte an. F\u00fcr mich gibt es keine Probleme, sondern nur Herausforderungen, die es zu bew\u00e4ltigen gibt.Das ist das Spannende an meiner T\u00e4tigkeit, denn man kann nur seinen eigenen Horizont erweitern und neue F\u00e4higkeiten erlernen, die einem sonst verborgen bleiben w\u00fcrden, wenn [&hellip;]<\/p>\n","protected":false},"author":1,"featured_media":0,"parent":174,"menu_order":15,"comment_status":"closed","ping_status":"closed","template":"","meta":{"footnotes":""},"class_list":["post-541","page","type-page","status-publish","hentry"],"_links":{"self":[{"href":"https:\/\/q-em.de\/index.php?rest_route=\/wp\/v2\/pages\/541","targetHints":{"allow":["GET"]}}],"collection":[{"href":"https:\/\/q-em.de\/index.php?rest_route=\/wp\/v2\/pages"}],"about":[{"href":"https:\/\/q-em.de\/index.php?rest_route=\/wp\/v2\/types\/page"}],"author":[{"embeddable":true,"href":"https:\/\/q-em.de\/index.php?rest_route=\/wp\/v2\/users\/1"}],"replies":[{"embeddable":true,"href":"https:\/\/q-em.de\/index.php?rest_route=%2Fwp%2Fv2%2Fcomments&post=541"}],"version-history":[{"count":5,"href":"https:\/\/q-em.de\/index.php?rest_route=\/wp\/v2\/pages\/541\/revisions"}],"predecessor-version":[{"id":573,"href":"https:\/\/q-em.de\/index.php?rest_route=\/wp\/v2\/pages\/541\/revisions\/573"}],"up":[{"embeddable":true,"href":"https:\/\/q-em.de\/index.php?rest_route=\/wp\/v2\/pages\/174"}],"wp:attachment":[{"href":"https:\/\/q-em.de\/index.php?rest_route=%2Fwp%2Fv2%2Fmedia&parent=541"}],"curies":[{"name":"wp","href":"https:\/\/api.w.org\/{rel}","templated":true}]}}