{"id":6,"date":"2013-06-18T18:06:04","date_gmt":"2013-06-18T16:06:04","guid":{"rendered":"http:\/\/q-em.de\/?page_id=6"},"modified":"2017-11-19T12:31:17","modified_gmt":"2017-11-19T10:31:17","slug":"leistungen","status":"publish","type":"page","link":"https:\/\/q-em.de\/","title":{"rendered":"Leistungen"},"content":{"rendered":"<p><span style=\"font-size: 16px;\">Q-em versteht sich als <\/span><strong style=\"font-size: 16px;\">unabh\u00e4ngiger IT-Compliance-Dienstleister<\/strong><span style=\"font-size: 16px;\">, der die Einf\u00fchrung und den Betrieb von <strong>GxP-relevanten<\/strong> Hard- und Software, sowie komplexen Systeml\u00f6sungen, in einem regulierten Umfeld professionell begleitet.<\/span><\/p>\n<p><span style=\"font-size: 16px;\">In unseren Projekten erarbeiten wir L\u00f6sungen direkt mit dem Kunden, sowie mit unterschiedlichen Systemh\u00e4usern und Implementierungspartnern.<\/span><\/p>\n<p><span style=\"font-size: 16px;\">Wir sehen es als unsere Aufgabe an, die <strong>Qualifizierungs- und Validierungs-Strategie \u00fcber den gesamten Lebenszyklus<\/strong> eines computergest\u00fctzten Systems gemeinsam mit allen Beteiligten zu erarbeiten und\u00a0 in das jeweilige Projekt-Vorgehensmodell zu integrieren.<\/span><\/p>\n<p><span style=\"font-size: 16px;\">Wir begleiten und unterst\u00fctzen Sie auch bei der Vorbereitung, Durchf\u00fchrung und Nachbereitung von <strong>Kunden-, Beh\u00f6rden- und Lieferanten-Audits.<\/strong><\/span><\/p>\n<p><span style=\"font-size: 16px;\">Q-em arbeitet in internationalen Konzernen, mittelst\u00e4ndischen Unternehmen, Familienbetrieben oder kleinen Organisationen mit nur einer Handvoll Mitarbeitern. Die Gr\u00f6\u00dfe Ihres Unternehmens \u00a0spielt f\u00fcr uns keine Rolle. Wir finden uns in jedem Umfeld zurecht.<\/span><\/p>\n<p><span style=\"font-size: 16px;\">Unsere St\u00e4rke ist es, einen pragmatischen risikobasierten Ansatz f\u00fcr Ihr Unternehmen zu entwickeln, der zu Ihrer Struktur und Kultur passt und den regulatorischen Anforderungen entspricht.<\/span><\/p>\n<p><strong><br \/>\n<\/strong><\/p>\n","protected":false},"excerpt":{"rendered":"<p>Q-em versteht sich als unabh\u00e4ngiger IT-Compliance-Dienstleister, der die Einf\u00fchrung und den Betrieb von GxP-relevanten Hard- und Software, sowie komplexen Systeml\u00f6sungen, in einem regulierten Umfeld professionell begleitet. In unseren Projekten erarbeiten wir L\u00f6sungen direkt mit dem Kunden, sowie mit unterschiedlichen Systemh\u00e4usern und Implementierungspartnern. Wir sehen es als unsere Aufgabe an, die Qualifizierungs- und Validierungs-Strategie \u00fcber den [&hellip;]<\/p>\n","protected":false},"author":1,"featured_media":0,"parent":0,"menu_order":10,"comment_status":"closed","ping_status":"closed","template":"","meta":{"footnotes":""},"class_list":["post-6","page","type-page","status-publish","hentry"],"_links":{"self":[{"href":"https:\/\/q-em.de\/index.php?rest_route=\/wp\/v2\/pages\/6","targetHints":{"allow":["GET"]}}],"collection":[{"href":"https:\/\/q-em.de\/index.php?rest_route=\/wp\/v2\/pages"}],"about":[{"href":"https:\/\/q-em.de\/index.php?rest_route=\/wp\/v2\/types\/page"}],"author":[{"embeddable":true,"href":"https:\/\/q-em.de\/index.php?rest_route=\/wp\/v2\/users\/1"}],"replies":[{"embeddable":true,"href":"https:\/\/q-em.de\/index.php?rest_route=%2Fwp%2Fv2%2Fcomments&post=6"}],"version-history":[{"count":25,"href":"https:\/\/q-em.de\/index.php?rest_route=\/wp\/v2\/pages\/6\/revisions"}],"predecessor-version":[{"id":63,"href":"https:\/\/q-em.de\/index.php?rest_route=\/wp\/v2\/pages\/6\/revisions\/63"}],"wp:attachment":[{"href":"https:\/\/q-em.de\/index.php?rest_route=%2Fwp%2Fv2%2Fmedia&parent=6"}],"curies":[{"name":"wp","href":"https:\/\/api.w.org\/{rel}","templated":true}]}}